{"id":1690,"date":"2022-01-25T12:50:51","date_gmt":"2022-01-25T12:50:51","guid":{"rendered":"https:\/\/ljubljanica.eu\/darilni-bon-emonca-emona\/"},"modified":"2025-05-06T07:58:45","modified_gmt":"2025-05-06T07:58:45","slug":"gift-voucher-for-emonca-and-emona","status":"publish","type":"page","link":"https:\/\/ljubljanica.eu\/en\/gift-voucher-for-emonca-and-emona\/","title":{"rendered":"Gift voucher for Emonca &#038; Emona"},"content":{"rendered":"<p>[et_pb_section fb_built=&#8221;1&#8243; admin_label=&#8221;Header&#8221; _builder_version=&#8221;4.27.4&#8243; use_background_color_gradient=&#8221;on&#8221; background_color_gradient_stops=&#8221;rgba(23,0,190,0.3) 0%|rgba(23,0,190,0.9) 100%&#8221; background_color_gradient_overlays_image=&#8221;on&#8221; background_color_gradient_start=&#8221;rgba(23,0,190,0.3)&#8221; background_color_gradient_end=&#8221;rgba(23,0,190,0.9)&#8221; background_image=&#8221;https:\/\/ljubljanica.eu\/wp-content\/uploads\/2025\/02\/nova-header_slika_ljubljanica.eu_2025.png&#8221; locked=&#8221;off&#8221; global_colors_info=&#8221;{}&#8221;][et_pb_row _builder_version=&#8221;4.16&#8243; global_colors_info=&#8221;{}&#8221;][et_pb_column type=&#8221;4_4&#8243; _builder_version=&#8221;4.16&#8243; global_colors_info=&#8221;{}&#8221;][et_pb_text _builder_version=&#8221;4.16&#8243; text_font_size=&#8221;16px&#8221; text_line_height=&#8221;1.8em&#8221; header_font=&#8221;Kanit|700|||||||&#8221; header_text_align=&#8221;left&#8221; header_font_size=&#8221;80px&#8221; background_layout=&#8221;dark&#8221; header_font_size_tablet=&#8221;60px&#8221; header_font_size_phone=&#8221;42px&#8221; header_font_size_last_edited=&#8221;on|phone&#8221; locked=&#8221;off&#8221; global_colors_info=&#8221;{}&#8221;]<\/p>\n<h1>Gift voucher Emona &amp; Emonca<\/h1>\n<p>[\/et_pb_text][\/et_pb_column][\/et_pb_row][\/et_pb_section][et_pb_section fb_built=&#8221;1&#8243; admin_label=&#8221;About&#8221; _builder_version=&#8221;4.16&#8243; global_colors_info=&#8221;{}&#8221;][et_pb_row column_structure=&#8221;1_2,1_2&#8243; _builder_version=&#8221;4.16&#8243; width=&#8221;95%&#8221; max_width=&#8221;95%&#8221; global_colors_info=&#8221;{}&#8221;][et_pb_column type=&#8221;1_2&#8243; _builder_version=&#8221;4.16&#8243; global_colors_info=&#8221;{}&#8221;][et_pb_image src=&#8221;https:\/\/ljubljanica.eu\/wp-content\/uploads\/2022\/01\/darilni_bon_ljubljanica.eu_prva.png&#8221; title_text=&#8221;darilni_bon_ljubljanica.eu_prva&#8221; align=&#8221;center&#8221; _builder_version=&#8221;4.16&#8243; background_color_gradient_start=&#8221;rgba(255,255,255,0)&#8221; background_color_gradient_end=&#8221;#1802bd&#8221; border_radii=&#8221;on|1px|1px|1px|1px&#8221; border_width_all=&#8221;2px&#8221; border_color_all=&#8221;#E02B20&#8243; global_colors_info=&#8221;{}&#8221;][\/et_pb_image][\/et_pb_column][et_pb_column type=&#8221;1_2&#8243; _builder_version=&#8221;4.16&#8243; global_colors_info=&#8221;{}&#8221;][et_pb_image src=&#8221;https:\/\/ljubljanica.eu\/wp-content\/uploads\/2022\/02\/darilni_bon_ljubljanica.eu_druga2.png&#8221; title_text=&#8221;darilni_bon_ljubljanica.eu_druga2&#8243; align=&#8221;center&#8221; _builder_version=&#8221;4.16&#8243; background_color_gradient_start=&#8221;rgba(255,255,255,0)&#8221; background_color_gradient_end=&#8221;#1802bd&#8221; border_radii=&#8221;on|1px|1px|1px|1px&#8221; border_width_all=&#8221;2px&#8221; border_color_all=&#8221;#E02B20&#8243; global_colors_info=&#8221;{}&#8221;][\/et_pb_image][\/et_pb_column][\/et_pb_row][et_pb_row column_structure=&#8221;3_5,2_5&#8243; _builder_version=&#8221;4.16&#8243; width=&#8221;95%&#8221; max_width=&#8221;95%&#8221; global_colors_info=&#8221;{}&#8221;][et_pb_column type=&#8221;3_5&#8243; _builder_version=&#8221;4.16&#8243; global_colors_info=&#8221;{}&#8221;][et_pb_text _builder_version=&#8221;4.27.4&#8243; text_font_size=&#8221;18px&#8221; header_2_font=&#8221;Kanit|700|||||||&#8221; header_2_text_align=&#8221;center&#8221; header_2_font_size=&#8221;48px&#8221; header_2_line_height=&#8221;1.2em&#8221; module_alignment=&#8221;center&#8221; header_2_font_size_tablet=&#8221;&#8221; header_2_font_size_phone=&#8221;30px&#8221; header_2_font_size_last_edited=&#8221;on|phone&#8221; locked=&#8221;off&#8221; global_colors_info=&#8221;{}&#8221;]<\/p>\n<p><strong>Give your loved ones an unforgettable experience where new memories will be created&#8230;<\/strong><\/p>\n<p>A gift that would delight everyone, family, friends, colleagues&#8230;<\/p>\n<p>With us, you will discover the beautiful scenes of the city of Ljubljana from the river surface&#8230;<\/p>\n<p>You can choose between two different ways to purchase gift vouchers:<\/p>\n<ol>\n<li style=\"list-style-type: none;\">\n<ol>\n<li><strong>Gift voucher<\/strong> for a single cruise<\/li>\n<li><strong>Value gift voucher\u00a0 <\/strong><br \/>(we design and assemble a gift voucher in the desired amount into a package according to the client&#8217;s wishes) can also be combined with food and drinks from our offer.<\/li>\n<\/ol>\n<\/li>\n<\/ol>\n<p>&nbsp;<\/p>\n<p>To make it easier for you to write the desired <strong>amount of the value gift voucher<\/strong>, we have prepared a form through which we will find a solution together. If you know what amount you would like to donate, just write it to us in a message.<\/p>\n<p>[\/et_pb_text][\/et_pb_column][et_pb_column type=&#8221;2_5&#8243; _builder_version=&#8221;4.16&#8243; global_colors_info=&#8221;{}&#8221;][et_pb_contact_form email=&#8221;info@ljubljanica.eu&#8221; custom_message=&#8221;\u017divjo, ||et_pb_line_break_holder||nekdo je izpolnik darilni bon, pi\u0161i mu nazaj in se zmeni. ||et_pb_line_break_holder||||et_pb_line_break_holder||Izpolnil je naslednje: ||et_pb_line_break_holder||Ime: %%Ime%% ||et_pb_line_break_holder||Email: %%Email%% ||et_pb_line_break_holder||Telefon: %%Telefon%% ||et_pb_line_break_holder||\u017deli si naslednje: %%Izbor%% ||et_pb_line_break_holder||\u0160tevilo oseb za redno vo\u017enjo &#8211; odrasli: %%SteviloROdrasli%% ||et_pb_line_break_holder||\u0160tevilo oseb za redno vo\u017enjo &#8211; otroci: %%SteviloROtroci%% ||et_pb_line_break_holder||\u0160tevilo oseb za zimsko vo\u017enjo &#8211; odrasli: %%SteviloZOdrasli%% ||et_pb_line_break_holder||\u0160tevilo oseb za zimsko vo\u017enjo &#8211; otroci: %%SteviloZOtroci%% ||et_pb_line_break_holder||Rad bi najel ladjico Emona: %%NajemLadjiceEmona%% ||et_pb_line_break_holder||Rad bi najel ladjico Emonca: %%NajemLadjiceEmonca%% ||et_pb_line_break_holder||Postre\u017ei s tem: %%IzborPogostitve%% ||et_pb_line_break_holder||||et_pb_line_break_holder||Bone bi pa prevzel: %%PrevzemBona%% ||et_pb_line_break_holder||Napisal ti pa je naslednjo sporo\u010dilo: %%Sporocilo%% ||et_pb_line_break_holder||||et_pb_line_break_holder||||et_pb_line_break_holder||Pojdi s tokom, pozdrav, ||et_pb_line_break_holder||tvoje spletno mesto ljubljanica.eu  &#8221; use_redirect=&#8221;on&#8221; redirect_url=&#8221;https:\/\/ljubljanica.eu\/hvala-za-vase-sporocilo\/&#8221; success_message=&#8221;Thank you for your message and order, we will contact you as soon as possible. &#8221; submit_button_text=&#8221;SEND &#8221; _builder_version=&#8221;4.27.4&#8243; _unique_id=&#8221;f769b536-e338-45c2-8d43-f94f626d8bce&#8221; captcha_text_color=&#8221;#000000&#8243; custom_button=&#8221;on&#8221; button_text_color=&#8221;#FFFFFF&#8221; button_bg_color=&#8221;#0C71C3&#8243; button_border_color=&#8221;#7CDA24&#8243; button_icon_color=&#8221;#000000&#8243; hover_enabled=&#8221;0&#8243; global_colors_info=&#8221;{}&#8221; sticky_enabled=&#8221;0&#8243;][et_pb_contact_field field_id=&#8221;Ime&#8221; field_title=&#8221;Name &#8221; _builder_version=&#8221;4.16&#8243; global_colors_info=&#8221;{}&#8221; button_text_size__hover_enabled=&#8221;off&#8221; button_one_text_size__hover_enabled=&#8221;off&#8221; button_two_text_size__hover_enabled=&#8221;off&#8221; button_text_color__hover_enabled=&#8221;off&#8221; button_one_text_color__hover_enabled=&#8221;off&#8221; button_two_text_color__hover_enabled=&#8221;off&#8221; button_border_width__hover_enabled=&#8221;off&#8221; button_one_border_width__hover_enabled=&#8221;off&#8221; button_two_border_width__hover_enabled=&#8221;off&#8221; button_border_color__hover_enabled=&#8221;off&#8221; button_one_border_color__hover_enabled=&#8221;off&#8221; button_two_border_color__hover_enabled=&#8221;off&#8221; button_border_radius__hover_enabled=&#8221;off&#8221; button_one_border_radius__hover_enabled=&#8221;off&#8221; button_two_border_radius__hover_enabled=&#8221;off&#8221; button_letter_spacing__hover_enabled=&#8221;off&#8221; button_one_letter_spacing__hover_enabled=&#8221;off&#8221; button_two_letter_spacing__hover_enabled=&#8221;off&#8221; button_bg_color__hover_enabled=&#8221;off&#8221; button_one_bg_color__hover_enabled=&#8221;off&#8221; button_two_bg_color__hover_enabled=&#8221;off&#8221;][\/et_pb_contact_field][et_pb_contact_field field_id=&#8221;Email&#8221; field_title=&#8221;Email &#8221; field_type=&#8221;email&#8221; _builder_version=&#8221;4.16&#8243; global_colors_info=&#8221;{}&#8221; button_text_size__hover_enabled=&#8221;off&#8221; button_one_text_size__hover_enabled=&#8221;off&#8221; button_two_text_size__hover_enabled=&#8221;off&#8221; button_text_color__hover_enabled=&#8221;off&#8221; button_one_text_color__hover_enabled=&#8221;off&#8221; button_two_text_color__hover_enabled=&#8221;off&#8221; button_border_width__hover_enabled=&#8221;off&#8221; button_one_border_width__hover_enabled=&#8221;off&#8221; button_two_border_width__hover_enabled=&#8221;off&#8221; button_border_color__hover_enabled=&#8221;off&#8221; button_one_border_color__hover_enabled=&#8221;off&#8221; button_two_border_color__hover_enabled=&#8221;off&#8221; button_border_radius__hover_enabled=&#8221;off&#8221; button_one_border_radius__hover_enabled=&#8221;off&#8221; button_two_border_radius__hover_enabled=&#8221;off&#8221; button_letter_spacing__hover_enabled=&#8221;off&#8221; button_one_letter_spacing__hover_enabled=&#8221;off&#8221; button_two_letter_spacing__hover_enabled=&#8221;off&#8221; button_bg_color__hover_enabled=&#8221;off&#8221; button_one_bg_color__hover_enabled=&#8221;off&#8221; button_two_bg_color__hover_enabled=&#8221;off&#8221;][\/et_pb_contact_field][et_pb_contact_field field_id=&#8221;Telefon&#8221; field_title=&#8221;Phone &#8221; fullwidth_field=&#8221;on&#8221; _builder_version=&#8221;4.16&#8243; global_colors_info=&#8221;{}&#8221;][\/et_pb_contact_field][et_pb_contact_field field_id=&#8221;Izbor&#8221; field_title=&#8221;Choose from &#8221; field_type=&#8221;checkbox&#8221; checkbox_options=&#8221;%91{%22value%22:%22Regular round trip 15\u20ac%92\/person adults (1h) %22,%22checked%22:0,%22dragID%22:-1},{%22value%22:%22Regular round trip 8\u20ac%92\/persons kids 6-12 years (1h) %22,%22checked%22:0,%22dragID%22:0},{%22value%22:%22Winter cruise 10\u20ac%92\/person adults (30min) %22,%22checked%22:0,%22dragID%22:1},{%22value%22:%22Winter cruise  5\u20ac%92\/person kids 6-12 years (30min) %22,%22checked%22:0,%22dragID%22:2},{%22value%22:%22Gift certificate &#8211; Emona boat rent %22,%22checked%22:0,%22dragID%22:3},{%22value%22:%22Gift certificate &#8211; Emonca boat rent %22,%22checked%22:0,%22dragID%22:4},{%22value%22:%22Gift certificate &#8211; Food service %22,%22checked%22:0,%22dragID%22:5,%22link_url%22:%22https:%92\/%92\/ljubljanica.eu%92\/en%92\/picnic-on-a-boat%92\/%22,%22link_text%22:%22(check offer) %22},{%22value%22:%22Gift certificate &#8211; Sailing with a guide %22,%22checked%22:0,%22dragID%22:6}%93&#8243; required_mark=&#8221;off&#8221; fullwidth_field=&#8221;on&#8221; _builder_version=&#8221;4.27.4&#8243; _module_preset=&#8221;default&#8221; global_colors_info=&#8221;{}&#8221;][\/et_pb_contact_field][et_pb_contact_field field_id=&#8221;SteviloROdrasli&#8221; field_title=&#8221;Number of people &#8211; regular adults&#8221; allowed_symbols=&#8221;numbers&#8221; fullwidth_field=&#8221;on&#8221; conditional_logic=&#8221;on&#8221; conditional_logic_relation=&#8221;on&#8221; conditional_logic_rules=&#8221;%91{%22field%22:%22izbor%22,%22condition%22:%22is%22,%22value%22:%22Redna kro\u017ena plovba 10\u20ac\/osebo odrasli (1h) %22}%93&#8243; _builder_version=&#8221;4.16&#8243; _module_preset=&#8221;default&#8221; global_colors_info=&#8221;{}&#8221;][\/et_pb_contact_field][et_pb_contact_field field_id=&#8221;SteviloROtroci&#8221; field_title=&#8221;Number of people &#8211; regular kids &#8221; allowed_symbols=&#8221;numbers&#8221; fullwidth_field=&#8221;on&#8221; conditional_logic=&#8221;on&#8221; conditional_logic_relation=&#8221;on&#8221; conditional_logic_rules=&#8221;%91{%22field%22:%22izbor%22,%22condition%22:%22is%22,%22value%22:%22Redna kro\u017ena plovba 5\u20ac\/osebo otroci 6-12 let (1h) %22}%93&#8243; _builder_version=&#8221;4.16&#8243; _module_preset=&#8221;default&#8221; global_colors_info=&#8221;{}&#8221;][\/et_pb_contact_field][et_pb_contact_field field_id=&#8221;SteviloZOdrasli&#8221; field_title=&#8221;Number of people &#8211; winter adults &#8221; allowed_symbols=&#8221;numbers&#8221; fullwidth_field=&#8221;on&#8221; conditional_logic=&#8221;on&#8221; conditional_logic_relation=&#8221;on&#8221; conditional_logic_rules=&#8221;%91{%22field%22:%22izbor%22,%22condition%22:%22is%22,%22value%22:%22Zimska kro\u017ena plovba 7\u20ac\/osebo odrasli (30min) %22}%93&#8243; _builder_version=&#8221;4.17.6&#8243; _module_preset=&#8221;default&#8221; global_colors_info=&#8221;{}&#8221;][\/et_pb_contact_field][et_pb_contact_field field_id=&#8221;SteviloZOtroci&#8221; field_title=&#8221;Number of people &#8211; winter kids &#8221; allowed_symbols=&#8221;numbers&#8221; fullwidth_field=&#8221;on&#8221; conditional_logic=&#8221;on&#8221; conditional_logic_relation=&#8221;on&#8221; conditional_logic_rules=&#8221;%91{%22field%22:%22izbor%22,%22condition%22:%22is%22,%22value%22:%22Zimska kro\u017ena plovba 4\u20ac\/osebo otroci 6-12 let (30min) %22}%93&#8243; _builder_version=&#8221;4.16&#8243; _module_preset=&#8221;default&#8221; global_colors_info=&#8221;{}&#8221;][\/et_pb_contact_field][et_pb_contact_field field_id=&#8221;NajemLadjiceEmona&#8221; field_title=&#8221;Boat rental Emona &#8221; field_type=&#8221;radio&#8221; radio_options=&#8221;%91{%22value%22:%22click on %22,%22checked%22:0,%22dragID%22:-1,%22link_text%22:%22(check offer) %22,%22link_url%22:%22https:\/\/ljubljanica.eu\/en\/boat-rental\/%22}%93&#8243; fullwidth_field=&#8221;on&#8221; conditional_logic=&#8221;on&#8221; conditional_logic_relation=&#8221;on&#8221; conditional_logic_rules=&#8221;%91{%22field%22:%22izbor%22,%22condition%22:%22is%22,%22value%22:%22Vrednostni darilni bon &#8211; Najem ladjice Emona %22}%93&#8243; _builder_version=&#8221;4.27.4&#8243; _module_preset=&#8221;default&#8221; hover_enabled=&#8221;0&#8243; global_colors_info=&#8221;{}&#8221; field_title__hover_enabled=&#8221;off|hover&#8221; sticky_enabled=&#8221;0&#8243;][\/et_pb_contact_field][et_pb_contact_field field_id=&#8221;NajemLadjiceEmonca&#8221; field_title=&#8221;Boat rental Emonca &#8221; field_type=&#8221;radio&#8221; radio_options=&#8221;%91{%22value%22:%22click on %22,%22checked%22:0,%22dragID%22:-1,%22link_text%22:%22(check offer) %22,%22link_url%22:%22https:\/\/ljubljanica.eu\/en\/boat-rental\/%22}%93&#8243; fullwidth_field=&#8221;on&#8221; conditional_logic=&#8221;on&#8221; conditional_logic_relation=&#8221;on&#8221; conditional_logic_rules=&#8221;%91{%22field%22:%22izbor%22,%22condition%22:%22is%22,%22value%22:%22Vrednostni darilni bon &#8211; Najem ladjice Emonca %22}%93&#8243; _builder_version=&#8221;4.27.4&#8243; _module_preset=&#8221;default&#8221; hover_enabled=&#8221;0&#8243; global_colors_info=&#8221;{}&#8221; sticky_enabled=&#8221;0&#8243;][\/et_pb_contact_field][et_pb_contact_field field_id=&#8221;IzborPogostitve&#8221; field_title=&#8221;Write what we can do for you &#8221; required_mark=&#8221;off&#8221; fullwidth_field=&#8221;on&#8221; conditional_logic=&#8221;on&#8221; conditional_logic_rules=&#8221;%91{%22field%22:%22izbor%22,%22condition%22:%22is%22,%22value%22:%22Vrednostni darilni bon &#8211; Pogostitev %22}%93&#8243; _builder_version=&#8221;4.16&#8243; _module_preset=&#8221;default&#8221; global_colors_info=&#8221;{}&#8221;][\/et_pb_contact_field][et_pb_contact_field field_id=&#8221;PrevzemBona&#8221; field_title=&#8221;How would you collect the voucher &#8221; field_type=&#8221;radio&#8221; radio_options=&#8221;%91{%22value%22:%22Personal pickup at our location %22,%22checked%22:0,%22dragID%22:-1},{%22value%22:%22By mail %22,%22checked%22:0,%22dragID%22:0},{%22value%22:%22Delivery (Ljubljana and surroundings) %22,%22checked%22:0,%22dragID%22:1}%93&#8243; fullwidth_field=&#8221;on&#8221; _builder_version=&#8221;4.16&#8243; _module_preset=&#8221;default&#8221; global_colors_info=&#8221;{}&#8221;][\/et_pb_contact_field][et_pb_contact_field field_id=&#8221;Sporocilo&#8221; field_title=&#8221;Message &#8221; field_type=&#8221;text&#8221; fullwidth_field=&#8221;on&#8221; _builder_version=&#8221;4.16&#8243; global_colors_info=&#8221;{}&#8221; button_text_size__hover_enabled=&#8221;off&#8221; button_one_text_size__hover_enabled=&#8221;off&#8221; button_two_text_size__hover_enabled=&#8221;off&#8221; button_text_color__hover_enabled=&#8221;off&#8221; button_one_text_color__hover_enabled=&#8221;off&#8221; button_two_text_color__hover_enabled=&#8221;off&#8221; button_border_width__hover_enabled=&#8221;off&#8221; button_one_border_width__hover_enabled=&#8221;off&#8221; button_two_border_width__hover_enabled=&#8221;off&#8221; button_border_color__hover_enabled=&#8221;off&#8221; button_one_border_color__hover_enabled=&#8221;off&#8221; button_two_border_color__hover_enabled=&#8221;off&#8221; button_border_radius__hover_enabled=&#8221;off&#8221; button_one_border_radius__hover_enabled=&#8221;off&#8221; button_two_border_radius__hover_enabled=&#8221;off&#8221; button_letter_spacing__hover_enabled=&#8221;off&#8221; button_one_letter_spacing__hover_enabled=&#8221;off&#8221; button_two_letter_spacing__hover_enabled=&#8221;off&#8221; button_bg_color__hover_enabled=&#8221;off&#8221; button_one_bg_color__hover_enabled=&#8221;off&#8221; button_two_bg_color__hover_enabled=&#8221;off&#8221;][\/et_pb_contact_field][\/et_pb_contact_form][\/et_pb_column][\/et_pb_row][\/et_pb_section]<\/p>\n","protected":false},"excerpt":{"rendered":"<p>Gift voucher Emona &amp; EmoncaGive your loved ones an unforgettable experience where new memories will be created&#8230; A gift that would delight everyone, family, friends, colleagues&#8230; With us, you will discover the beautiful scenes of the city of Ljubljana from the river surface&#8230; You can choose between two different ways to purchase gift vouchers: Gift [&hellip;]<\/p>\n","protected":false},"author":1,"featured_media":0,"parent":0,"menu_order":0,"comment_status":"closed","ping_status":"closed","template":"","meta":{"_et_pb_use_builder":"on","_et_pb_old_content":"","_et_gb_content_width":"","footnotes":""},"class_list":["post-1690","page","type-page","status-publish","hentry"],"yoast_head":"<!-- This site is optimized with the Yoast SEO plugin v27.2 - https:\/\/yoast.com\/product\/yoast-seo-wordpress\/ -->\n<title>Gift voucher for Emonca &amp; Emona | Plovba po Ljubljanici z ladjicama EMONA in EMONCA, organiziramo izlete, piknike, najem...<\/title>\n<meta name=\"description\" content=\"We expect you to be happy and playful, to take spontaneous pictures. On board, there will also be dancing, singing and screaming... From rocking, we make waves as big as a mouse.\" \/>\n<meta name=\"robots\" content=\"index, follow, max-snippet:-1, max-image-preview:large, max-video-preview:-1\" \/>\n<link rel=\"canonical\" href=\"https:\/\/ljubljanica.eu\/en\/gift-voucher-for-emonca-and-emona\/\" \/>\n<meta property=\"og:locale\" content=\"en_US\" \/>\n<meta property=\"og:type\" content=\"article\" \/>\n<meta property=\"og:title\" content=\"Gift voucher for Emonca &amp; Emona | Plovba po Ljubljanici z ladjicama EMONA in EMONCA, organiziramo izlete, piknike, najem...\" \/>\n<meta property=\"og:description\" content=\"We expect you to be happy and playful, to take spontaneous pictures. On board, there will also be dancing, singing and screaming... From rocking, we make waves as big as a mouse.\" \/>\n<meta property=\"og:url\" content=\"https:\/\/ljubljanica.eu\/en\/gift-voucher-for-emonca-and-emona\/\" \/>\n<meta property=\"og:site_name\" content=\"Plovba po Ljubljanici z ladjicama EMONA in EMONCA, organiziramo izlete, piknike, najem...\" \/>\n<meta property=\"article:modified_time\" content=\"2025-05-06T07:58:45+00:00\" \/>\n<meta name=\"twitter:card\" content=\"summary_large_image\" \/>\n<meta name=\"twitter:label1\" content=\"Est. reading time\" \/>\n\t<meta name=\"twitter:data1\" content=\"2 minutes\" \/>\n<script type=\"application\/ld+json\" class=\"yoast-schema-graph\">{\"@context\":\"https:\/\/schema.org\",\"@graph\":[{\"@type\":\"WebPage\",\"@id\":\"https:\/\/ljubljanica.eu\/en\/gift-voucher-for-emonca-and-emona\/\",\"url\":\"https:\/\/ljubljanica.eu\/en\/gift-voucher-for-emonca-and-emona\/\",\"name\":\"Gift voucher for Emonca & Emona | Plovba po Ljubljanici z ladjicama EMONA in EMONCA, organiziramo izlete, piknike, najem...\",\"isPartOf\":{\"@id\":\"https:\/\/ljubljanica.eu\/en\/#website\"},\"datePublished\":\"2022-01-25T12:50:51+00:00\",\"dateModified\":\"2025-05-06T07:58:45+00:00\",\"description\":\"We expect you to be happy and playful, to take spontaneous pictures. On board, there will also be dancing, singing and screaming... From rocking, we make waves as big as a mouse.\",\"breadcrumb\":{\"@id\":\"https:\/\/ljubljanica.eu\/en\/gift-voucher-for-emonca-and-emona\/#breadcrumb\"},\"inLanguage\":\"en-US\",\"potentialAction\":[{\"@type\":\"ReadAction\",\"target\":[\"https:\/\/ljubljanica.eu\/en\/gift-voucher-for-emonca-and-emona\/\"]}]},{\"@type\":\"BreadcrumbList\",\"@id\":\"https:\/\/ljubljanica.eu\/en\/gift-voucher-for-emonca-and-emona\/#breadcrumb\",\"itemListElement\":[{\"@type\":\"ListItem\",\"position\":1,\"name\":\"Home\",\"item\":\"https:\/\/ljubljanica.eu\/en\/\"},{\"@type\":\"ListItem\",\"position\":2,\"name\":\"Gift voucher for Emonca &#038; Emona\"}]},{\"@type\":\"WebSite\",\"@id\":\"https:\/\/ljubljanica.eu\/en\/#website\",\"url\":\"https:\/\/ljubljanica.eu\/en\/\",\"name\":\"Plovba po Ljubljanici z ladjicama EMONA in EMONCA, organiziramo izlete, piknike, najem...\",\"description\":\"Nudimo vam kro\u017eno ali panoramsko vo\u017enjo po Ljubljanici, piknike, izlete za najmlaj\u0161e in starej\u0161e, gledali\u0161ke predstave...\",\"potentialAction\":[{\"@type\":\"SearchAction\",\"target\":{\"@type\":\"EntryPoint\",\"urlTemplate\":\"https:\/\/ljubljanica.eu\/en\/?s={search_term_string}\"},\"query-input\":{\"@type\":\"PropertyValueSpecification\",\"valueRequired\":true,\"valueName\":\"search_term_string\"}}],\"inLanguage\":\"en-US\"}]}<\/script>\n<!-- \/ Yoast SEO plugin. -->","yoast_head_json":{"title":"Gift voucher for Emonca & Emona | Plovba po Ljubljanici z ladjicama EMONA in EMONCA, organiziramo izlete, piknike, najem...","description":"We expect you to be happy and playful, to take spontaneous pictures. On board, there will also be dancing, singing and screaming... From rocking, we make waves as big as a mouse.","robots":{"index":"index","follow":"follow","max-snippet":"max-snippet:-1","max-image-preview":"max-image-preview:large","max-video-preview":"max-video-preview:-1"},"canonical":"https:\/\/ljubljanica.eu\/en\/gift-voucher-for-emonca-and-emona\/","og_locale":"en_US","og_type":"article","og_title":"Gift voucher for Emonca & Emona | Plovba po Ljubljanici z ladjicama EMONA in EMONCA, organiziramo izlete, piknike, najem...","og_description":"We expect you to be happy and playful, to take spontaneous pictures. On board, there will also be dancing, singing and screaming... From rocking, we make waves as big as a mouse.","og_url":"https:\/\/ljubljanica.eu\/en\/gift-voucher-for-emonca-and-emona\/","og_site_name":"Plovba po Ljubljanici z ladjicama EMONA in EMONCA, organiziramo izlete, piknike, najem...","article_modified_time":"2025-05-06T07:58:45+00:00","twitter_card":"summary_large_image","twitter_misc":{"Est. reading time":"2 minutes"},"schema":{"@context":"https:\/\/schema.org","@graph":[{"@type":"WebPage","@id":"https:\/\/ljubljanica.eu\/en\/gift-voucher-for-emonca-and-emona\/","url":"https:\/\/ljubljanica.eu\/en\/gift-voucher-for-emonca-and-emona\/","name":"Gift voucher for Emonca & Emona | Plovba po Ljubljanici z ladjicama EMONA in EMONCA, organiziramo izlete, piknike, najem...","isPartOf":{"@id":"https:\/\/ljubljanica.eu\/en\/#website"},"datePublished":"2022-01-25T12:50:51+00:00","dateModified":"2025-05-06T07:58:45+00:00","description":"We expect you to be happy and playful, to take spontaneous pictures. On board, there will also be dancing, singing and screaming... From rocking, we make waves as big as a mouse.","breadcrumb":{"@id":"https:\/\/ljubljanica.eu\/en\/gift-voucher-for-emonca-and-emona\/#breadcrumb"},"inLanguage":"en-US","potentialAction":[{"@type":"ReadAction","target":["https:\/\/ljubljanica.eu\/en\/gift-voucher-for-emonca-and-emona\/"]}]},{"@type":"BreadcrumbList","@id":"https:\/\/ljubljanica.eu\/en\/gift-voucher-for-emonca-and-emona\/#breadcrumb","itemListElement":[{"@type":"ListItem","position":1,"name":"Home","item":"https:\/\/ljubljanica.eu\/en\/"},{"@type":"ListItem","position":2,"name":"Gift voucher for Emonca &#038; Emona"}]},{"@type":"WebSite","@id":"https:\/\/ljubljanica.eu\/en\/#website","url":"https:\/\/ljubljanica.eu\/en\/","name":"Plovba po Ljubljanici z ladjicama EMONA in EMONCA, organiziramo izlete, piknike, najem...","description":"Nudimo vam kro\u017eno ali panoramsko vo\u017enjo po Ljubljanici, piknike, izlete za najmlaj\u0161e in starej\u0161e, gledali\u0161ke predstave...","potentialAction":[{"@type":"SearchAction","target":{"@type":"EntryPoint","urlTemplate":"https:\/\/ljubljanica.eu\/en\/?s={search_term_string}"},"query-input":{"@type":"PropertyValueSpecification","valueRequired":true,"valueName":"search_term_string"}}],"inLanguage":"en-US"}]}},"_links":{"self":[{"href":"https:\/\/ljubljanica.eu\/en\/wp-json\/wp\/v2\/pages\/1690","targetHints":{"allow":["GET"]}}],"collection":[{"href":"https:\/\/ljubljanica.eu\/en\/wp-json\/wp\/v2\/pages"}],"about":[{"href":"https:\/\/ljubljanica.eu\/en\/wp-json\/wp\/v2\/types\/page"}],"author":[{"embeddable":true,"href":"https:\/\/ljubljanica.eu\/en\/wp-json\/wp\/v2\/users\/1"}],"replies":[{"embeddable":true,"href":"https:\/\/ljubljanica.eu\/en\/wp-json\/wp\/v2\/comments?post=1690"}],"version-history":[{"count":0,"href":"https:\/\/ljubljanica.eu\/en\/wp-json\/wp\/v2\/pages\/1690\/revisions"}],"wp:attachment":[{"href":"https:\/\/ljubljanica.eu\/en\/wp-json\/wp\/v2\/media?parent=1690"}],"curies":[{"name":"wp","href":"https:\/\/api.w.org\/{rel}","templated":true}]}}