{"id":1761,"date":"2020-03-12T13:26:21","date_gmt":"2020-03-12T13:26:21","guid":{"rendered":"https:\/\/ljubljanica.eu\/za-sole-in-vrtce\/"},"modified":"2025-03-11T14:17:31","modified_gmt":"2025-03-11T14:17:31","slug":"for-schools-and-kindergartens","status":"publish","type":"page","link":"https:\/\/ljubljanica.eu\/en\/for-schools-and-kindergartens\/","title":{"rendered":"For schools and kindergartens"},"content":{"rendered":"<p>[et_pb_section fb_built=&#8221;1&#8243; admin_label=&#8221;Header&#8221; _builder_version=&#8221;4.27.4&#8243; use_background_color_gradient=&#8221;on&#8221; background_color_gradient_stops=&#8221;rgba(23,0,190,0.3) 0%|rgba(23,0,190,0.9) 100%&#8221; background_color_gradient_overlays_image=&#8221;on&#8221; background_color_gradient_start=&#8221;rgba(23,0,190,0.3)&#8221; background_color_gradient_end=&#8221;rgba(23,0,190,0.9)&#8221; background_image=&#8221;https:\/\/ljubljanica.eu\/wp-content\/uploads\/2025\/02\/nova-header_slika_ljubljanica.eu_2025.png&#8221; locked=&#8221;off&#8221; global_colors_info=&#8221;{}&#8221;][et_pb_row _builder_version=&#8221;4.16&#8243; global_colors_info=&#8221;{}&#8221;][et_pb_column type=&#8221;4_4&#8243; _builder_version=&#8221;4.16&#8243; global_colors_info=&#8221;{}&#8221;][et_pb_text _builder_version=&#8221;4.27.4&#8243; text_font_size=&#8221;16px&#8221; text_line_height=&#8221;1.8em&#8221; header_font=&#8221;Kanit|700|||||||&#8221; header_text_align=&#8221;left&#8221; header_font_size=&#8221;80px&#8221; background_layout=&#8221;dark&#8221; hover_enabled=&#8221;0&#8243; header_font_size_tablet=&#8221;60px&#8221; header_font_size_phone=&#8221;42px&#8221; header_font_size_last_edited=&#8221;on|phone&#8221; locked=&#8221;off&#8221; global_colors_info=&#8221;{}&#8221; sticky_enabled=&#8221;0&#8243;]<\/p>\n<h1>For schools and kindergartens<\/h1>\n<p>[\/et_pb_text][\/et_pb_column][\/et_pb_row][\/et_pb_section][et_pb_section fb_built=&#8221;1&#8243; specialty=&#8221;on&#8221; padding_top_bottom_link_1=&#8221;false&#8221; padding_top_bottom_link_2=&#8221;false&#8221; padding_left_right_link_1=&#8221;false&#8221; padding_left_right_link_2=&#8221;false&#8221; _builder_version=&#8221;4.16&#8243; _module_preset=&#8221;default&#8221; width=&#8221;95%&#8221; max_width=&#8221;95%&#8221; inner_width=&#8221;95%&#8221; inner_max_width=&#8221;95%&#8221; custom_margin=&#8221;|||10px|false|false&#8221; custom_padding=&#8221;5px||2px||false|false&#8221; global_colors_info=&#8221;{}&#8221;][et_pb_column type=&#8221;1_4&#8243; _builder_version=&#8221;4.16&#8243; custom_padding=&#8221;|||&#8221; global_colors_info=&#8221;{}&#8221; custom_padding__hover=&#8221;|||&#8221;][et_pb_image src=&#8221;https:\/\/ljubljanica.eu\/wp-content\/uploads\/2025\/03\/za_sole_in_vrtce-ljubljanica.eu-2025prenova.png&#8221; title_text=&#8221;za_sole_in_vrtce-ljubljanica.eu-2025prenova&#8221; align=&#8221;center&#8221; _builder_version=&#8221;4.27.4&#8243; global_colors_info=&#8221;{}&#8221;][\/et_pb_image][\/et_pb_column][et_pb_column type=&#8221;3_4&#8243; specialty_columns=&#8221;3&#8243; _builder_version=&#8221;4.16&#8243; custom_padding=&#8221;|||&#8221; global_colors_info=&#8221;{}&#8221; custom_padding__hover=&#8221;|||&#8221;][et_pb_row_inner _builder_version=&#8221;4.16&#8243; _module_preset=&#8221;default&#8221; custom_margin=&#8221;||||false|false&#8221; custom_padding=&#8221;||2px||false|false&#8221; global_colors_info=&#8221;{}&#8221;][et_pb_column_inner saved_specialty_column_type=&#8221;3_4&#8243; _builder_version=&#8221;4.16&#8243; _module_preset=&#8221;default&#8221; global_colors_info=&#8221;{}&#8221;][et_pb_text _builder_version=&#8221;4.27.4&#8243; text_font_size=&#8221;18px&#8221; header_2_font=&#8221;Kanit|700|||||||&#8221; header_2_text_align=&#8221;center&#8221; header_2_font_size=&#8221;48px&#8221; header_2_line_height=&#8221;1.2em&#8221; header_5_font_size=&#8221;20px&#8221; module_alignment=&#8221;center&#8221; hover_enabled=&#8221;0&#8243; header_2_font_size_tablet=&#8221;&#8221; header_2_font_size_phone=&#8221;30px&#8221; header_2_font_size_last_edited=&#8221;on|phone&#8221; locked=&#8221;off&#8221; global_colors_info=&#8221;{}&#8221; sticky_enabled=&#8221;0&#8243;]<\/p>\n<p>High school students, elementary school students and the youngest.<\/p>\n<p>Board the <strong>Emona &amp; Emonca<\/strong> boat and sail down the river, the beautiful and fairytale <strong>Ljubljanica<\/strong>, in the company of the captain. <\/p>\n<p>&nbsp;<\/p>\n<p>THE VIEW OF THE LJUBLJANICA FROM THE BOAT<\/p>\n<p>will bring you closer to the pulse of the river, which has completely changed its appearance over time.<br \/>Explore the secrets of the water depths, the beauty of the bridges and riverbanks.<br \/>A wide variety of inhabitants lived along its banks. Archaeologists still find their traces in its depths today, and the legends that were woven around the Ljubljanica are still alive.<\/p>\n<p>For those who want to learn more, we also organize an educational program with a licensed guide, who is happy to welcome you (by prior arrangement).<\/p>\n<p><strong>Be part of our crew!<\/strong> <\/p>\n<p>[\/et_pb_text][\/et_pb_column_inner][\/et_pb_row_inner][et_pb_row_inner column_structure=&#8221;1_2,1_2&#8243; _builder_version=&#8221;4.16&#8243; _module_preset=&#8221;default&#8221; custom_padding=&#8221;10px||2px||false|false&#8221; global_colors_info=&#8221;{}&#8221;][et_pb_column_inner type=&#8221;1_2&#8243; saved_specialty_column_type=&#8221;3_4&#8243; _builder_version=&#8221;4.16&#8243; _module_preset=&#8221;default&#8221; global_colors_info=&#8221;{}&#8221;][et_pb_text _builder_version=&#8221;4.27.4&#8243; text_font_size=&#8221;16px&#8221; header_2_font=&#8221;Kanit|700|||||||&#8221; header_2_text_align=&#8221;center&#8221; header_2_font_size=&#8221;48px&#8221; header_2_line_height=&#8221;1.2em&#8221; text_orientation=&#8221;center&#8221; module_alignment=&#8221;center&#8221; hover_enabled=&#8221;0&#8243; header_2_font_size_tablet=&#8221;&#8221; header_2_font_size_phone=&#8221;30px&#8221; header_2_font_size_last_edited=&#8221;on|phone&#8221; locked=&#8221;off&#8221; global_colors_info=&#8221;{}&#8221; sticky_enabled=&#8221;0&#8243;]<\/p>\n<p><em>Nature is a powerful teacher, and children <\/em><br \/><em>can learn many things in <\/em><br \/><em>the schoolyard <\/em><br \/><em>that they cannot learn while sitting in the classroom. <\/em><br \/><em>&#8220;Myrna Johnson&#8221; <\/em><\/p>\n<p>[\/et_pb_text][\/et_pb_column_inner][et_pb_column_inner type=&#8221;1_2&#8243; saved_specialty_column_type=&#8221;3_4&#8243; _builder_version=&#8221;4.16&#8243; _module_preset=&#8221;default&#8221; global_colors_info=&#8221;{}&#8221;][et_pb_button button_url=&#8221;https:\/\/ljubljanica.eu\/o-nas-in-galerija\/&#8221; button_text=&#8221;To book an appointment, call us or write to us  &#8221; button_alignment=&#8221;center&#8221; _builder_version=&#8221;4.27.4&#8243; hover_enabled=&#8221;0&#8243; global_colors_info=&#8221;{}&#8221; sticky_enabled=&#8221;0&#8243;][\/et_pb_button][\/et_pb_column_inner][\/et_pb_row_inner][\/et_pb_column][\/et_pb_section][et_pb_section fb_built=&#8221;1&#8243; admin_label=&#8221;About&#8221; _builder_version=&#8221;4.16&#8243; custom_padding=&#8221;5px||||false|false&#8221; global_colors_info=&#8221;{}&#8221;][et_pb_row _builder_version=&#8221;4.16&#8243; width=&#8221;95%&#8221; max_width=&#8221;95%&#8221; global_colors_info=&#8221;{}&#8221;][et_pb_column type=&#8221;4_4&#8243; _builder_version=&#8221;4.16&#8243; global_colors_info=&#8221;{}&#8221;][et_pb_gallery gallery_ids=&#8221;955,957,956,958&#8243; show_title_and_caption=&#8221;off&#8221; show_pagination=&#8221;off&#8221; _builder_version=&#8221;4.16&#8243; _module_preset=&#8221;default&#8221; dbdb_version=&#8221;4.6.2&#8243; global_colors_info=&#8221;{}&#8221;][\/et_pb_gallery][\/et_pb_column][\/et_pb_row][\/et_pb_section]<\/p>\n","protected":false},"excerpt":{"rendered":"<p>For schools and kindergartensHigh school students, elementary school students and the youngest. Board the Emona &amp; Emonca boat and sail down the river, the beautiful and fairytale Ljubljanica, in the company of the captain. &nbsp; THE VIEW OF THE LJUBLJANICA FROM THE BOAT will bring you closer to the pulse of the river, which has [&hellip;]<\/p>\n","protected":false},"author":1,"featured_media":0,"parent":0,"menu_order":0,"comment_status":"closed","ping_status":"closed","template":"","meta":{"_et_pb_use_builder":"on","_et_pb_old_content":"","_et_gb_content_width":"","footnotes":""},"class_list":["post-1761","page","type-page","status-publish","hentry"],"yoast_head":"<!-- This site is optimized with the Yoast SEO plugin v27.2 - https:\/\/yoast.com\/product\/yoast-seo-wordpress\/ -->\n<title>For schools and kindergartens | Plovba po Ljubljanici z ladjicama EMONA in EMONCA, organiziramo izlete, piknike, najem...<\/title>\n<meta name=\"description\" content=\"High school students, elementary school students and the youngest. Board the Emonca boat and, in the company of our guides, sail along the...\" \/>\n<meta name=\"robots\" content=\"index, follow, max-snippet:-1, max-image-preview:large, max-video-preview:-1\" \/>\n<link rel=\"canonical\" href=\"https:\/\/ljubljanica.eu\/en\/for-schools-and-kindergartens\/\" \/>\n<meta property=\"og:locale\" content=\"en_US\" \/>\n<meta property=\"og:type\" content=\"article\" \/>\n<meta property=\"og:title\" content=\"For schools and kindergartens | Plovba po Ljubljanici z ladjicama EMONA in EMONCA, organiziramo izlete, piknike, najem...\" \/>\n<meta property=\"og:description\" content=\"High school students, elementary school students and the youngest. Board the Emonca boat and, in the company of our guides, sail along the...\" \/>\n<meta property=\"og:url\" content=\"https:\/\/ljubljanica.eu\/en\/for-schools-and-kindergartens\/\" \/>\n<meta property=\"og:site_name\" content=\"Plovba po Ljubljanici z ladjicama EMONA in EMONCA, organiziramo izlete, piknike, najem...\" \/>\n<meta property=\"article:modified_time\" content=\"2025-03-11T14:17:31+00:00\" \/>\n<meta name=\"twitter:card\" content=\"summary_large_image\" \/>\n<meta name=\"twitter:label1\" content=\"Est. reading time\" \/>\n\t<meta name=\"twitter:data1\" content=\"2 minutes\" \/>\n<script type=\"application\/ld+json\" class=\"yoast-schema-graph\">{\"@context\":\"https:\/\/schema.org\",\"@graph\":[{\"@type\":\"WebPage\",\"@id\":\"https:\/\/ljubljanica.eu\/en\/for-schools-and-kindergartens\/\",\"url\":\"https:\/\/ljubljanica.eu\/en\/for-schools-and-kindergartens\/\",\"name\":\"For schools and kindergartens | Plovba po Ljubljanici z ladjicama EMONA in EMONCA, organiziramo izlete, piknike, najem...\",\"isPartOf\":{\"@id\":\"https:\/\/ljubljanica.eu\/en\/#website\"},\"datePublished\":\"2020-03-12T13:26:21+00:00\",\"dateModified\":\"2025-03-11T14:17:31+00:00\",\"description\":\"High school students, elementary school students and the youngest. Board the Emonca boat and, in the company of our guides, sail along the...\",\"breadcrumb\":{\"@id\":\"https:\/\/ljubljanica.eu\/en\/for-schools-and-kindergartens\/#breadcrumb\"},\"inLanguage\":\"en-US\",\"potentialAction\":[{\"@type\":\"ReadAction\",\"target\":[\"https:\/\/ljubljanica.eu\/en\/for-schools-and-kindergartens\/\"]}]},{\"@type\":\"BreadcrumbList\",\"@id\":\"https:\/\/ljubljanica.eu\/en\/for-schools-and-kindergartens\/#breadcrumb\",\"itemListElement\":[{\"@type\":\"ListItem\",\"position\":1,\"name\":\"Home\",\"item\":\"https:\/\/ljubljanica.eu\/en\/\"},{\"@type\":\"ListItem\",\"position\":2,\"name\":\"For schools and kindergartens\"}]},{\"@type\":\"WebSite\",\"@id\":\"https:\/\/ljubljanica.eu\/en\/#website\",\"url\":\"https:\/\/ljubljanica.eu\/en\/\",\"name\":\"Plovba po Ljubljanici z ladjicama EMONA in EMONCA, organiziramo izlete, piknike, najem...\",\"description\":\"Nudimo vam kro\u017eno ali panoramsko vo\u017enjo po Ljubljanici, piknike, izlete za najmlaj\u0161e in starej\u0161e, gledali\u0161ke predstave...\",\"potentialAction\":[{\"@type\":\"SearchAction\",\"target\":{\"@type\":\"EntryPoint\",\"urlTemplate\":\"https:\/\/ljubljanica.eu\/en\/?s={search_term_string}\"},\"query-input\":{\"@type\":\"PropertyValueSpecification\",\"valueRequired\":true,\"valueName\":\"search_term_string\"}}],\"inLanguage\":\"en-US\"}]}<\/script>\n<!-- \/ Yoast SEO plugin. -->","yoast_head_json":{"title":"For schools and kindergartens | Plovba po Ljubljanici z ladjicama EMONA in EMONCA, organiziramo izlete, piknike, najem...","description":"High school students, elementary school students and the youngest. Board the Emonca boat and, in the company of our guides, sail along the...","robots":{"index":"index","follow":"follow","max-snippet":"max-snippet:-1","max-image-preview":"max-image-preview:large","max-video-preview":"max-video-preview:-1"},"canonical":"https:\/\/ljubljanica.eu\/en\/for-schools-and-kindergartens\/","og_locale":"en_US","og_type":"article","og_title":"For schools and kindergartens | Plovba po Ljubljanici z ladjicama EMONA in EMONCA, organiziramo izlete, piknike, najem...","og_description":"High school students, elementary school students and the youngest. Board the Emonca boat and, in the company of our guides, sail along the...","og_url":"https:\/\/ljubljanica.eu\/en\/for-schools-and-kindergartens\/","og_site_name":"Plovba po Ljubljanici z ladjicama EMONA in EMONCA, organiziramo izlete, piknike, najem...","article_modified_time":"2025-03-11T14:17:31+00:00","twitter_card":"summary_large_image","twitter_misc":{"Est. reading time":"2 minutes"},"schema":{"@context":"https:\/\/schema.org","@graph":[{"@type":"WebPage","@id":"https:\/\/ljubljanica.eu\/en\/for-schools-and-kindergartens\/","url":"https:\/\/ljubljanica.eu\/en\/for-schools-and-kindergartens\/","name":"For schools and kindergartens | Plovba po Ljubljanici z ladjicama EMONA in EMONCA, organiziramo izlete, piknike, najem...","isPartOf":{"@id":"https:\/\/ljubljanica.eu\/en\/#website"},"datePublished":"2020-03-12T13:26:21+00:00","dateModified":"2025-03-11T14:17:31+00:00","description":"High school students, elementary school students and the youngest. Board the Emonca boat and, in the company of our guides, sail along the...","breadcrumb":{"@id":"https:\/\/ljubljanica.eu\/en\/for-schools-and-kindergartens\/#breadcrumb"},"inLanguage":"en-US","potentialAction":[{"@type":"ReadAction","target":["https:\/\/ljubljanica.eu\/en\/for-schools-and-kindergartens\/"]}]},{"@type":"BreadcrumbList","@id":"https:\/\/ljubljanica.eu\/en\/for-schools-and-kindergartens\/#breadcrumb","itemListElement":[{"@type":"ListItem","position":1,"name":"Home","item":"https:\/\/ljubljanica.eu\/en\/"},{"@type":"ListItem","position":2,"name":"For schools and kindergartens"}]},{"@type":"WebSite","@id":"https:\/\/ljubljanica.eu\/en\/#website","url":"https:\/\/ljubljanica.eu\/en\/","name":"Plovba po Ljubljanici z ladjicama EMONA in EMONCA, organiziramo izlete, piknike, najem...","description":"Nudimo vam kro\u017eno ali panoramsko vo\u017enjo po Ljubljanici, piknike, izlete za najmlaj\u0161e in starej\u0161e, gledali\u0161ke predstave...","potentialAction":[{"@type":"SearchAction","target":{"@type":"EntryPoint","urlTemplate":"https:\/\/ljubljanica.eu\/en\/?s={search_term_string}"},"query-input":{"@type":"PropertyValueSpecification","valueRequired":true,"valueName":"search_term_string"}}],"inLanguage":"en-US"}]}},"_links":{"self":[{"href":"https:\/\/ljubljanica.eu\/en\/wp-json\/wp\/v2\/pages\/1761","targetHints":{"allow":["GET"]}}],"collection":[{"href":"https:\/\/ljubljanica.eu\/en\/wp-json\/wp\/v2\/pages"}],"about":[{"href":"https:\/\/ljubljanica.eu\/en\/wp-json\/wp\/v2\/types\/page"}],"author":[{"embeddable":true,"href":"https:\/\/ljubljanica.eu\/en\/wp-json\/wp\/v2\/users\/1"}],"replies":[{"embeddable":true,"href":"https:\/\/ljubljanica.eu\/en\/wp-json\/wp\/v2\/comments?post=1761"}],"version-history":[{"count":0,"href":"https:\/\/ljubljanica.eu\/en\/wp-json\/wp\/v2\/pages\/1761\/revisions"}],"wp:attachment":[{"href":"https:\/\/ljubljanica.eu\/en\/wp-json\/wp\/v2\/media?parent=1761"}],"curies":[{"name":"wp","href":"https:\/\/api.w.org\/{rel}","templated":true}]}}