{"id":1766,"date":"2020-03-13T10:07:46","date_gmt":"2020-03-13T10:07:46","guid":{"rendered":"https:\/\/ljubljanica.eu\/splosni-pogoji\/"},"modified":"2025-03-11T14:34:04","modified_gmt":"2025-03-11T14:34:04","slug":"general-terms-and-conditions","status":"publish","type":"page","link":"https:\/\/ljubljanica.eu\/en\/general-terms-and-conditions\/","title":{"rendered":"General terms and conditions"},"content":{"rendered":"<p>[et_pb_section fb_built=&#8221;1&#8243; admin_label=&#8221;Header&#8221; _builder_version=&#8221;4.16&#8243; use_background_color_gradient=&#8221;on&#8221; background_color_gradient_stops=&#8221;rgba(23,0,190,0.3) 0%|rgba(23,0,190,0.9) 100%&#8221; background_color_gradient_overlays_image=&#8221;on&#8221; background_color_gradient_start=&#8221;rgba(23,0,190,0.3)&#8221; background_color_gradient_end=&#8221;rgba(23,0,190,0.9)&#8221; background_image=&#8221;https:\/\/ljubljanica.eu\/wp-content\/uploads\/2020\/03\/2020_headertop.jpg&#8221; locked=&#8221;off&#8221; global_colors_info=&#8221;{}&#8221;][et_pb_row _builder_version=&#8221;4.16&#8243; global_colors_info=&#8221;{}&#8221;][et_pb_column type=&#8221;4_4&#8243; _builder_version=&#8221;4.16&#8243; global_colors_info=&#8221;{}&#8221;][et_pb_text _builder_version=&#8221;4.27.4&#8243; text_font_size=&#8221;16px&#8221; text_line_height=&#8221;1.8em&#8221; header_font=&#8221;Kanit|700|||||||&#8221; header_text_align=&#8221;left&#8221; header_font_size=&#8221;80px&#8221; background_layout=&#8221;dark&#8221; header_font_size_tablet=&#8221;60px&#8221; header_font_size_phone=&#8221;42px&#8221; header_font_size_last_edited=&#8221;on|phone&#8221; locked=&#8221;off&#8221; global_colors_info=&#8221;{}&#8221;]<\/p>\n<h1>General terms and conditions<\/h1>\n<p>[\/et_pb_text][\/et_pb_column][\/et_pb_row][\/et_pb_section][et_pb_section fb_built=&#8221;1&#8243; admin_label=&#8221;About&#8221; _builder_version=&#8221;4.16&#8243; global_colors_info=&#8221;{}&#8221;][et_pb_row _builder_version=&#8221;4.16&#8243; global_colors_info=&#8221;{}&#8221;][et_pb_column type=&#8221;4_4&#8243; _builder_version=&#8221;4.16&#8243; global_colors_info=&#8221;{}&#8221;][et_pb_text _builder_version=&#8221;4.27.4&#8243; header_2_font=&#8221;Kanit|700|||||||&#8221; header_2_text_align=&#8221;center&#8221; header_2_font_size=&#8221;48px&#8221; header_2_line_height=&#8221;1.2em&#8221; module_alignment=&#8221;center&#8221; hover_enabled=&#8221;0&#8243; header_2_font_size_tablet=&#8221;&#8221; header_2_font_size_phone=&#8221;30px&#8221; header_2_font_size_last_edited=&#8221;on|phone&#8221; locked=&#8221;off&#8221; global_colors_info=&#8221;{}&#8221; sticky_enabled=&#8221;0&#8243;]<\/p>\n<ol>\n<li><strong>NAVIGATION CONDITIONS<\/strong><\/li>\n<\/ol>\n<p>In the event of unsuitable river water levels or weather conditions, we reserve the right not to sail or to change the schedule and sailing for safety reasons.<\/p>\n<p>&nbsp;<\/p>\n<ol start=\"2\">\n<li><strong>FOLLOWING THE CAPTAIN&#8217;S INSTRUCTIONS<\/strong><\/li>\n<\/ol>\n<p>In the event of any danger, guests can follow the instructions of the captain and crew.<\/p>\n<p>&nbsp;<\/p>\n<ol start=\"3\">\n<li><strong>BEHAVIOR ON THE BOAT<\/strong><\/li>\n<\/ol>\n<p>Guests on the boat must behave appropriately and in accordance with the instructions of the captain and crew.<\/p>\n<p>&nbsp;<\/p>\n<ol start=\"4\">\n<li><strong>SAFETY ON THE BOAT<br \/><\/strong><\/li>\n<\/ol>\n<p>In order to ensure the safety of other guests, a drunk passenger may be removed from the boat.<\/p>\n<p>[\/et_pb_text][\/et_pb_column][\/et_pb_row][\/et_pb_section]<\/p>\n","protected":false},"excerpt":{"rendered":"<p>General terms and conditions NAVIGATION CONDITIONS In the event of unsuitable river water levels or weather conditions, we reserve the right not to sail or to change the schedule and sailing for safety reasons. &nbsp; FOLLOWING THE CAPTAIN&#8217;S INSTRUCTIONS In the event of any danger, guests can follow the instructions of the captain and crew. [&hellip;]<\/p>\n","protected":false},"author":1,"featured_media":0,"parent":0,"menu_order":0,"comment_status":"closed","ping_status":"closed","template":"","meta":{"_et_pb_use_builder":"on","_et_pb_old_content":"","_et_gb_content_width":"","footnotes":""},"class_list":["post-1766","page","type-page","status-publish","hentry"],"yoast_head":"<!-- This site is optimized with the Yoast SEO plugin v27.2 - https:\/\/yoast.com\/product\/yoast-seo-wordpress\/ -->\n<title>General terms and conditions | Plovba po Ljubljanici z ladjicama EMONA in EMONCA, organiziramo izlete, piknike, najem...<\/title>\n<meta name=\"description\" content=\"See Ljubljana on a circular ride along the Ljubljanica River with an audio guide in Slovenian, English or Italian. Welcome aboard the boat...\" \/>\n<meta name=\"robots\" content=\"index, follow, max-snippet:-1, max-image-preview:large, max-video-preview:-1\" \/>\n<link rel=\"canonical\" href=\"https:\/\/ljubljanica.eu\/en\/general-terms-and-conditions\/\" \/>\n<meta property=\"og:locale\" content=\"en_US\" \/>\n<meta property=\"og:type\" content=\"article\" \/>\n<meta property=\"og:title\" content=\"General terms and conditions | Plovba po Ljubljanici z ladjicama EMONA in EMONCA, organiziramo izlete, piknike, najem...\" \/>\n<meta property=\"og:description\" content=\"See Ljubljana on a circular ride along the Ljubljanica River with an audio guide in Slovenian, English or Italian. Welcome aboard the boat...\" \/>\n<meta property=\"og:url\" content=\"https:\/\/ljubljanica.eu\/en\/general-terms-and-conditions\/\" \/>\n<meta property=\"og:site_name\" content=\"Plovba po Ljubljanici z ladjicama EMONA in EMONCA, organiziramo izlete, piknike, najem...\" \/>\n<meta property=\"article:modified_time\" content=\"2025-03-11T14:34:04+00:00\" \/>\n<meta name=\"twitter:card\" content=\"summary_large_image\" \/>\n<meta name=\"twitter:label1\" content=\"Est. reading time\" \/>\n\t<meta name=\"twitter:data1\" content=\"1 minute\" \/>\n<script type=\"application\/ld+json\" class=\"yoast-schema-graph\">{\"@context\":\"https:\/\/schema.org\",\"@graph\":[{\"@type\":\"WebPage\",\"@id\":\"https:\/\/ljubljanica.eu\/en\/general-terms-and-conditions\/\",\"url\":\"https:\/\/ljubljanica.eu\/en\/general-terms-and-conditions\/\",\"name\":\"General terms and conditions | Plovba po Ljubljanici z ladjicama EMONA in EMONCA, organiziramo izlete, piknike, najem...\",\"isPartOf\":{\"@id\":\"https:\/\/ljubljanica.eu\/en\/#website\"},\"datePublished\":\"2020-03-13T10:07:46+00:00\",\"dateModified\":\"2025-03-11T14:34:04+00:00\",\"description\":\"See Ljubljana on a circular ride along the Ljubljanica River with an audio guide in Slovenian, English or Italian. Welcome aboard the boat...\",\"breadcrumb\":{\"@id\":\"https:\/\/ljubljanica.eu\/en\/general-terms-and-conditions\/#breadcrumb\"},\"inLanguage\":\"en-US\",\"potentialAction\":[{\"@type\":\"ReadAction\",\"target\":[\"https:\/\/ljubljanica.eu\/en\/general-terms-and-conditions\/\"]}]},{\"@type\":\"BreadcrumbList\",\"@id\":\"https:\/\/ljubljanica.eu\/en\/general-terms-and-conditions\/#breadcrumb\",\"itemListElement\":[{\"@type\":\"ListItem\",\"position\":1,\"name\":\"Home\",\"item\":\"https:\/\/ljubljanica.eu\/en\/\"},{\"@type\":\"ListItem\",\"position\":2,\"name\":\"General terms and conditions\"}]},{\"@type\":\"WebSite\",\"@id\":\"https:\/\/ljubljanica.eu\/en\/#website\",\"url\":\"https:\/\/ljubljanica.eu\/en\/\",\"name\":\"Plovba po Ljubljanici z ladjicama EMONA in EMONCA, organiziramo izlete, piknike, najem...\",\"description\":\"Nudimo vam kro\u017eno ali panoramsko vo\u017enjo po Ljubljanici, piknike, izlete za najmlaj\u0161e in starej\u0161e, gledali\u0161ke predstave...\",\"potentialAction\":[{\"@type\":\"SearchAction\",\"target\":{\"@type\":\"EntryPoint\",\"urlTemplate\":\"https:\/\/ljubljanica.eu\/en\/?s={search_term_string}\"},\"query-input\":{\"@type\":\"PropertyValueSpecification\",\"valueRequired\":true,\"valueName\":\"search_term_string\"}}],\"inLanguage\":\"en-US\"}]}<\/script>\n<!-- \/ Yoast SEO plugin. -->","yoast_head_json":{"title":"General terms and conditions | Plovba po Ljubljanici z ladjicama EMONA in EMONCA, organiziramo izlete, piknike, najem...","description":"See Ljubljana on a circular ride along the Ljubljanica River with an audio guide in Slovenian, English or Italian. Welcome aboard the boat...","robots":{"index":"index","follow":"follow","max-snippet":"max-snippet:-1","max-image-preview":"max-image-preview:large","max-video-preview":"max-video-preview:-1"},"canonical":"https:\/\/ljubljanica.eu\/en\/general-terms-and-conditions\/","og_locale":"en_US","og_type":"article","og_title":"General terms and conditions | Plovba po Ljubljanici z ladjicama EMONA in EMONCA, organiziramo izlete, piknike, najem...","og_description":"See Ljubljana on a circular ride along the Ljubljanica River with an audio guide in Slovenian, English or Italian. Welcome aboard the boat...","og_url":"https:\/\/ljubljanica.eu\/en\/general-terms-and-conditions\/","og_site_name":"Plovba po Ljubljanici z ladjicama EMONA in EMONCA, organiziramo izlete, piknike, najem...","article_modified_time":"2025-03-11T14:34:04+00:00","twitter_card":"summary_large_image","twitter_misc":{"Est. reading time":"1 minute"},"schema":{"@context":"https:\/\/schema.org","@graph":[{"@type":"WebPage","@id":"https:\/\/ljubljanica.eu\/en\/general-terms-and-conditions\/","url":"https:\/\/ljubljanica.eu\/en\/general-terms-and-conditions\/","name":"General terms and conditions | Plovba po Ljubljanici z ladjicama EMONA in EMONCA, organiziramo izlete, piknike, najem...","isPartOf":{"@id":"https:\/\/ljubljanica.eu\/en\/#website"},"datePublished":"2020-03-13T10:07:46+00:00","dateModified":"2025-03-11T14:34:04+00:00","description":"See Ljubljana on a circular ride along the Ljubljanica River with an audio guide in Slovenian, English or Italian. Welcome aboard the boat...","breadcrumb":{"@id":"https:\/\/ljubljanica.eu\/en\/general-terms-and-conditions\/#breadcrumb"},"inLanguage":"en-US","potentialAction":[{"@type":"ReadAction","target":["https:\/\/ljubljanica.eu\/en\/general-terms-and-conditions\/"]}]},{"@type":"BreadcrumbList","@id":"https:\/\/ljubljanica.eu\/en\/general-terms-and-conditions\/#breadcrumb","itemListElement":[{"@type":"ListItem","position":1,"name":"Home","item":"https:\/\/ljubljanica.eu\/en\/"},{"@type":"ListItem","position":2,"name":"General terms and conditions"}]},{"@type":"WebSite","@id":"https:\/\/ljubljanica.eu\/en\/#website","url":"https:\/\/ljubljanica.eu\/en\/","name":"Plovba po Ljubljanici z ladjicama EMONA in EMONCA, organiziramo izlete, piknike, najem...","description":"Nudimo vam kro\u017eno ali panoramsko vo\u017enjo po Ljubljanici, piknike, izlete za najmlaj\u0161e in starej\u0161e, gledali\u0161ke predstave...","potentialAction":[{"@type":"SearchAction","target":{"@type":"EntryPoint","urlTemplate":"https:\/\/ljubljanica.eu\/en\/?s={search_term_string}"},"query-input":{"@type":"PropertyValueSpecification","valueRequired":true,"valueName":"search_term_string"}}],"inLanguage":"en-US"}]}},"_links":{"self":[{"href":"https:\/\/ljubljanica.eu\/en\/wp-json\/wp\/v2\/pages\/1766","targetHints":{"allow":["GET"]}}],"collection":[{"href":"https:\/\/ljubljanica.eu\/en\/wp-json\/wp\/v2\/pages"}],"about":[{"href":"https:\/\/ljubljanica.eu\/en\/wp-json\/wp\/v2\/types\/page"}],"author":[{"embeddable":true,"href":"https:\/\/ljubljanica.eu\/en\/wp-json\/wp\/v2\/users\/1"}],"replies":[{"embeddable":true,"href":"https:\/\/ljubljanica.eu\/en\/wp-json\/wp\/v2\/comments?post=1766"}],"version-history":[{"count":0,"href":"https:\/\/ljubljanica.eu\/en\/wp-json\/wp\/v2\/pages\/1766\/revisions"}],"wp:attachment":[{"href":"https:\/\/ljubljanica.eu\/en\/wp-json\/wp\/v2\/media?parent=1766"}],"curies":[{"name":"wp","href":"https:\/\/api.w.org\/{rel}","templated":true}]}}