{"id":1773,"date":"2020-03-13T07:54:51","date_gmt":"2020-03-13T07:54:51","guid":{"rendered":"https:\/\/ljubljanica.eu\/najem-ladjice\/"},"modified":"2025-03-12T11:48:55","modified_gmt":"2025-03-12T11:48:55","slug":"boat-rental","status":"publish","type":"page","link":"https:\/\/ljubljanica.eu\/en\/boat-rental\/","title":{"rendered":"Boat rental"},"content":{"rendered":"<p>[et_pb_section fb_built=&#8221;1&#8243; admin_label=&#8221;Header&#8221; _builder_version=&#8221;4.27.4&#8243; use_background_color_gradient=&#8221;on&#8221; background_color_gradient_stops=&#8221;rgba(23,0,190,0.3) 0%|rgba(23,0,190,0.9) 100%&#8221; background_color_gradient_overlays_image=&#8221;on&#8221; background_color_gradient_start=&#8221;rgba(23,0,190,0.3)&#8221; background_color_gradient_end=&#8221;rgba(23,0,190,0.9)&#8221; background_image=&#8221;https:\/\/ljubljanica.eu\/wp-content\/uploads\/2025\/02\/nova-header_slika_ljubljanica.eu_2025.png&#8221; locked=&#8221;off&#8221; global_colors_info=&#8221;{}&#8221;][et_pb_row _builder_version=&#8221;4.16&#8243; global_colors_info=&#8221;{}&#8221;][et_pb_column type=&#8221;4_4&#8243; _builder_version=&#8221;4.16&#8243; global_colors_info=&#8221;{}&#8221;][et_pb_text _builder_version=&#8221;4.27.4&#8243; text_font_size=&#8221;16px&#8221; text_line_height=&#8221;1.8em&#8221; header_font=&#8221;Kanit|700|||||||&#8221; header_text_align=&#8221;left&#8221; header_font_size=&#8221;80px&#8221; background_layout=&#8221;dark&#8221; header_font_size_tablet=&#8221;60px&#8221; header_font_size_phone=&#8221;42px&#8221; header_font_size_last_edited=&#8221;on|phone&#8221; locked=&#8221;off&#8221; global_colors_info=&#8221;{}&#8221;]<\/p>\n<h1>Boat rental<\/h1>\n<p>[\/et_pb_text][\/et_pb_column][\/et_pb_row][\/et_pb_section][et_pb_section fb_built=&#8221;1&#8243; specialty=&#8221;on&#8221; _builder_version=&#8221;4.16&#8243; width=&#8221;95%&#8221; max_width=&#8221;95%&#8221; inner_width=&#8221;95%&#8221; inner_max_width=&#8221;95%&#8221; global_colors_info=&#8221;{}&#8221;][et_pb_column type=&#8221;1_3&#8243; _builder_version=&#8221;4.16&#8243; custom_padding=&#8221;|||&#8221; global_colors_info=&#8221;{}&#8221; custom_padding__hover=&#8221;|||&#8221;][et_pb_image src=&#8221;https:\/\/ljubljanica.eu\/wp-content\/uploads\/2025\/03\/panoramska_voznja-2025.jpg&#8221; title_text=&#8221;panoramska_voznja-2025&#8243; align=&#8221;center&#8221; _builder_version=&#8221;4.27.4&#8243; global_colors_info=&#8221;{}&#8221;][\/et_pb_image][\/et_pb_column][et_pb_column type=&#8221;2_3&#8243; specialty_columns=&#8221;2&#8243; _builder_version=&#8221;4.16&#8243; custom_padding=&#8221;|||&#8221; global_colors_info=&#8221;{}&#8221; custom_padding__hover=&#8221;|||&#8221;][et_pb_row_inner column_structure=&#8221;1_3,1_3,1_3&#8243; make_equal=&#8221;on&#8221; _builder_version=&#8221;4.27.4&#8243; global_colors_info=&#8221;{}&#8221;][et_pb_column_inner type=&#8221;1_3&#8243; saved_specialty_column_type=&#8221;2_3&#8243; _builder_version=&#8221;4.16&#8243; global_colors_info=&#8221;{}&#8221;][et_pb_text _builder_version=&#8221;4.27.4&#8243; text_font=&#8221;|600|||||||&#8221; text_font_size=&#8221;18px&#8221; header_2_font=&#8221;Kanit|700|||||||&#8221; header_2_text_align=&#8221;center&#8221; header_2_font_size=&#8221;48px&#8221; header_2_line_height=&#8221;1.2em&#8221; header_5_font_size=&#8221;20px&#8221; module_alignment=&#8221;center&#8221; header_2_font_size_tablet=&#8221;&#8221; header_2_font_size_phone=&#8221;30px&#8221; header_2_font_size_last_edited=&#8221;on|phone&#8221; locked=&#8221;off&#8221; global_colors_info=&#8221;{}&#8221;]<\/p>\n<p><strong>WOULD YOU LIKE TO SEE THE CITY OF LJUBLJANA FROM THE RIVER? <\/strong><\/p>\n<p><strong>WOULD YOU LIKE TO TAKE A BOAT TRIP INTO THE UNSPOILED NATURE OF THE LJUBLJANA MARSH?<\/strong><\/p>\n<p>&nbsp;<\/p>\n<p><strong>WE WILL MAKE THIS WISH HAPPEN&#8230;<\/strong><\/p>\n<p>A panoramic cruise lasts from 1 to 3 hours.<\/p>\n<p>&nbsp;<\/p>\n<p>[\/et_pb_text][\/et_pb_column_inner][et_pb_column_inner type=&#8221;1_3&#8243; saved_specialty_column_type=&#8221;2_3&#8243; _builder_version=&#8221;4.16&#8243; global_colors_info=&#8221;{}&#8221;][et_pb_pricing_tables _builder_version=&#8221;4.27.4&#8243; body_font_size=&#8221;18px&#8221; max_width=&#8221;400px&#8221; module_alignment=&#8221;left&#8221; module_alignment_tablet=&#8221;center&#8221; module_alignment_phone=&#8221;center&#8221; module_alignment_last_edited=&#8221;on|desktop&#8221; global_colors_info=&#8221;{}&#8221;][et_pb_pricing_table title=&#8221;BOAT RENTAL EMONA&#8221; subtitle=&#8221;(48 PERSONS) &#8221; currency=&#8221;\u20ac &#8221; sum=&#8221;240&#8243; _builder_version=&#8221;4.27.4&#8243; body_font_size=&#8221;18px&#8221; price_font_size=&#8221;46px&#8221; global_colors_info=&#8221;{}&#8221; sticky_transition=&#8221;on&#8221;]<\/p>\n<p><strong>1 hour 240\u20ac\u00a0<\/strong><\/p>\n<p><strong>second hour 210\u20ac\u00a0<\/strong><\/p>\n<p><strong>EVERY ADDITIONAL HOUR BY ARRANGEMENT\u00a0 <\/strong><\/p>\n<p><strong>Possibility of bringing your own food and drinks, by arrangement!<\/strong><\/p>\n<p>[\/et_pb_pricing_table][\/et_pb_pricing_tables][\/et_pb_column_inner][et_pb_column_inner type=&#8221;1_3&#8243; saved_specialty_column_type=&#8221;2_3&#8243; _builder_version=&#8221;4.16&#8243; global_colors_info=&#8221;{}&#8221;][et_pb_pricing_tables _builder_version=&#8221;4.27.4&#8243; body_font_size=&#8221;18px&#8221; max_width=&#8221;400px&#8221; module_alignment=&#8221;left&#8221; module_alignment_tablet=&#8221;center&#8221; module_alignment_phone=&#8221;center&#8221; module_alignment_last_edited=&#8221;on|desktop&#8221; global_colors_info=&#8221;{}&#8221;][et_pb_pricing_table title=&#8221;BOAT RENTAL EMONCA&#8221; subtitle=&#8221;(38 PERSONS) &#8221; currency=&#8221;\u20ac &#8221; sum=&#8221;210&#8243; _builder_version=&#8221;4.27.4&#8243; body_font_size=&#8221;18px&#8221; price_font_size=&#8221;46px&#8221; global_colors_info=&#8221;{}&#8221; sticky_transition=&#8221;on&#8221;]<\/p>\n<p><strong>1 hour 210\u20ac\u00a0<\/strong><\/p>\n<p><strong>second hour 180\u20ac\u00a0<\/strong><\/p>\n<p><strong>EVERY ADDITIONAL HOUR BY ARRANGEMENT\u00a0 <\/strong><\/p>\n<p><strong>Possibility of bringing your own food and drinks, by arrangement! <\/strong><\/p>\n<p>[\/et_pb_pricing_table][\/et_pb_pricing_tables][\/et_pb_column_inner][\/et_pb_row_inner][et_pb_row_inner _builder_version=&#8221;4.27.4&#8243; _module_preset=&#8221;default&#8221; global_colors_info=&#8221;{}&#8221;][et_pb_column_inner saved_specialty_column_type=&#8221;2_3&#8243; _builder_version=&#8221;4.27.4&#8243; _module_preset=&#8221;default&#8221; global_colors_info=&#8221;{}&#8221;][et_pb_text _builder_version=&#8221;4.27.4&#8243; text_font=&#8221;|600|||||||&#8221; text_font_size=&#8221;16px&#8221; header_2_font=&#8221;Kanit|700|||||||&#8221; header_2_text_align=&#8221;center&#8221; header_2_font_size=&#8221;48px&#8221; header_2_line_height=&#8221;1.2em&#8221; module_alignment=&#8221;center&#8221; header_2_font_size_tablet=&#8221;&#8221; header_2_font_size_phone=&#8221;30px&#8221; header_2_font_size_last_edited=&#8221;on|phone&#8221; locked=&#8221;off&#8221; global_colors_info=&#8221;{}&#8221;]<\/p>\n<p>Prices already include VAT<br \/>Payment is possible by cash, credit cards<br \/>Invoice possible to a company or purchase order<br \/>In the event of high water levels, the carrier reserves the right to change the waterway or cancel the voyage <\/p>\n<p>[\/et_pb_text][\/et_pb_column_inner][\/et_pb_row_inner][\/et_pb_column][\/et_pb_section][et_pb_section fb_built=&#8221;1&#8243; admin_label=&#8221;About&#8221; _builder_version=&#8221;4.16&#8243; global_colors_info=&#8221;{}&#8221;][et_pb_row column_structure=&#8221;1_4,1_4,1_4,1_4&#8243; make_equal=&#8221;on&#8221; _builder_version=&#8221;4.16&#8243; width=&#8221;95%&#8221; max_width=&#8221;95%&#8221; global_colors_info=&#8221;{}&#8221;][et_pb_column type=&#8221;1_4&#8243; _builder_version=&#8221;4.16&#8243; global_colors_info=&#8221;{}&#8221;][et_pb_image src=&#8221;https:\/\/ljubljanica.eu\/wp-content\/uploads\/2020\/03\/po_ljubljanici.jpg&#8221; _builder_version=&#8221;4.16&#8243; global_colors_info=&#8221;{}&#8221;][\/et_pb_image][\/et_pb_column][et_pb_column type=&#8221;1_4&#8243; _builder_version=&#8221;4.16&#8243; global_colors_info=&#8221;{}&#8221;][et_pb_image src=&#8221;https:\/\/ljubljanica.eu\/wp-content\/uploads\/2020\/03\/slike_ljubljanice14.jpg&#8221; _builder_version=&#8221;4.16&#8243; global_colors_info=&#8221;{}&#8221;][\/et_pb_image][\/et_pb_column][et_pb_column type=&#8221;1_4&#8243; _builder_version=&#8221;4.16&#8243; global_colors_info=&#8221;{}&#8221;][et_pb_image src=&#8221;https:\/\/ljubljanica.eu\/wp-content\/uploads\/2020\/03\/Barkica_Emona_II_LJ.jpg&#8221; _builder_version=&#8221;4.16&#8243; global_colors_info=&#8221;{}&#8221;][\/et_pb_image][\/et_pb_column][et_pb_column type=&#8221;1_4&#8243; _builder_version=&#8221;4.16&#8243; global_colors_info=&#8221;{}&#8221;][et_pb_image src=&#8221;https:\/\/ljubljanica.eu\/wp-content\/uploads\/2020\/03\/emonca_slika2.jpg&#8221; _builder_version=&#8221;4.16&#8243; global_colors_info=&#8221;{}&#8221;][\/et_pb_image][\/et_pb_column][\/et_pb_row][et_pb_row column_structure=&#8221;1_4,1_4,1_4,1_4&#8243; make_equal=&#8221;on&#8221; _builder_version=&#8221;4.19.4&#8243; width=&#8221;95%&#8221; max_width=&#8221;95%&#8221; global_colors_info=&#8221;{}&#8221;][et_pb_column type=&#8221;1_4&#8243; _builder_version=&#8221;4.16&#8243; global_colors_info=&#8221;{}&#8221;][et_pb_image src=&#8221;https:\/\/ljubljanica.eu\/wp-content\/uploads\/2023\/02\/panoramska_voznja2023-4.jpg&#8221; title_text=&#8221;panoramska_voznja2023-4&#8243; _builder_version=&#8221;4.19.5&#8243; global_colors_info=&#8221;{}&#8221;][\/et_pb_image][\/et_pb_column][et_pb_column type=&#8221;1_4&#8243; _builder_version=&#8221;4.16&#8243; global_colors_info=&#8221;{}&#8221;][et_pb_image src=&#8221;https:\/\/ljubljanica.eu\/wp-content\/uploads\/2023\/02\/panoramska_voznja2023.jpg&#8221; title_text=&#8221;panoramska_voznja2023&#8243; _builder_version=&#8221;4.19.5&#8243; global_colors_info=&#8221;{}&#8221;][\/et_pb_image][\/et_pb_column][et_pb_column type=&#8221;1_4&#8243; _builder_version=&#8221;4.16&#8243; global_colors_info=&#8221;{}&#8221;][et_pb_image src=&#8221;https:\/\/ljubljanica.eu\/wp-content\/uploads\/2023\/02\/panoramska_voznja2023-2.jpg&#8221; title_text=&#8221;panoramska_voznja2023-2&#8243; _builder_version=&#8221;4.19.5&#8243; global_colors_info=&#8221;{}&#8221;][\/et_pb_image][\/et_pb_column][et_pb_column type=&#8221;1_4&#8243; _builder_version=&#8221;4.16&#8243; global_colors_info=&#8221;{}&#8221;][et_pb_image src=&#8221;https:\/\/ljubljanica.eu\/wp-content\/uploads\/2023\/02\/panoramska_voznja2023-3.jpg&#8221; title_text=&#8221;panoramska_voznja2023-3&#8243; _builder_version=&#8221;4.19.5&#8243; global_colors_info=&#8221;{}&#8221;][\/et_pb_image][\/et_pb_column][\/et_pb_row][\/et_pb_section]<\/p>\n","protected":false},"excerpt":{"rendered":"<p>Boat rentalWOULD YOU LIKE TO SEE THE CITY OF LJUBLJANA FROM THE RIVER? WOULD YOU LIKE TO TAKE A BOAT TRIP INTO THE UNSPOILED NATURE OF THE LJUBLJANA MARSH? &nbsp; WE WILL MAKE THIS WISH HAPPEN&#8230; A panoramic cruise lasts from 1 to 3 hours. &nbsp;1 hour 240\u20ac\u00a0 second hour 210\u20ac\u00a0 EVERY ADDITIONAL HOUR BY [&hellip;]<\/p>\n","protected":false},"author":1,"featured_media":0,"parent":0,"menu_order":0,"comment_status":"closed","ping_status":"closed","template":"","meta":{"_et_pb_use_builder":"on","_et_pb_old_content":"","_et_gb_content_width":"","footnotes":""},"class_list":["post-1773","page","type-page","status-publish","hentry"],"yoast_head":"<!-- This site is optimized with the Yoast SEO plugin v27.2 - https:\/\/yoast.com\/product\/yoast-seo-wordpress\/ -->\n<title>Boat rental | Plovba po Ljubljanici z ladjicama EMONA in EMONCA, organiziramo izlete, piknike, najem...<\/title>\n<meta name=\"description\" content=\"WOULD YOU LIKE TO SEE THE CITY OF LJUBLJANA FROM THE RIVER? WOULD YOU LIKE TO TAKE A BOAT TRIP INTO THE UNSPOILED NATURE OF THE LJUBLJANA...\" \/>\n<meta name=\"robots\" content=\"index, follow, max-snippet:-1, max-image-preview:large, max-video-preview:-1\" \/>\n<link rel=\"canonical\" href=\"https:\/\/ljubljanica.eu\/en\/boat-rental\/\" \/>\n<meta property=\"og:locale\" content=\"en_US\" \/>\n<meta property=\"og:type\" content=\"article\" \/>\n<meta property=\"og:title\" content=\"Boat rental | Plovba po Ljubljanici z ladjicama EMONA in EMONCA, organiziramo izlete, piknike, najem...\" \/>\n<meta property=\"og:description\" content=\"WOULD YOU LIKE TO SEE THE CITY OF LJUBLJANA FROM THE RIVER? WOULD YOU LIKE TO TAKE A BOAT TRIP INTO THE UNSPOILED NATURE OF THE LJUBLJANA...\" \/>\n<meta property=\"og:url\" content=\"https:\/\/ljubljanica.eu\/en\/boat-rental\/\" \/>\n<meta property=\"og:site_name\" content=\"Plovba po Ljubljanici z ladjicama EMONA in EMONCA, organiziramo izlete, piknike, najem...\" \/>\n<meta property=\"article:modified_time\" content=\"2025-03-12T11:48:55+00:00\" \/>\n<meta name=\"twitter:card\" content=\"summary_large_image\" \/>\n<meta name=\"twitter:label1\" content=\"Est. reading time\" \/>\n\t<meta name=\"twitter:data1\" content=\"2 minutes\" \/>\n<script type=\"application\/ld+json\" class=\"yoast-schema-graph\">{\"@context\":\"https:\/\/schema.org\",\"@graph\":[{\"@type\":\"WebPage\",\"@id\":\"https:\/\/ljubljanica.eu\/en\/boat-rental\/\",\"url\":\"https:\/\/ljubljanica.eu\/en\/boat-rental\/\",\"name\":\"Boat rental | Plovba po Ljubljanici z ladjicama EMONA in EMONCA, organiziramo izlete, piknike, najem...\",\"isPartOf\":{\"@id\":\"https:\/\/ljubljanica.eu\/en\/#website\"},\"datePublished\":\"2020-03-13T07:54:51+00:00\",\"dateModified\":\"2025-03-12T11:48:55+00:00\",\"description\":\"WOULD YOU LIKE TO SEE THE CITY OF LJUBLJANA FROM THE RIVER? WOULD YOU LIKE TO TAKE A BOAT TRIP INTO THE UNSPOILED NATURE OF THE LJUBLJANA...\",\"breadcrumb\":{\"@id\":\"https:\/\/ljubljanica.eu\/en\/boat-rental\/#breadcrumb\"},\"inLanguage\":\"en-US\",\"potentialAction\":[{\"@type\":\"ReadAction\",\"target\":[\"https:\/\/ljubljanica.eu\/en\/boat-rental\/\"]}]},{\"@type\":\"BreadcrumbList\",\"@id\":\"https:\/\/ljubljanica.eu\/en\/boat-rental\/#breadcrumb\",\"itemListElement\":[{\"@type\":\"ListItem\",\"position\":1,\"name\":\"Home\",\"item\":\"https:\/\/ljubljanica.eu\/en\/\"},{\"@type\":\"ListItem\",\"position\":2,\"name\":\"Boat rental\"}]},{\"@type\":\"WebSite\",\"@id\":\"https:\/\/ljubljanica.eu\/en\/#website\",\"url\":\"https:\/\/ljubljanica.eu\/en\/\",\"name\":\"Plovba po Ljubljanici z ladjicama EMONA in EMONCA, organiziramo izlete, piknike, najem...\",\"description\":\"Nudimo vam kro\u017eno ali panoramsko vo\u017enjo po Ljubljanici, piknike, izlete za najmlaj\u0161e in starej\u0161e, gledali\u0161ke predstave...\",\"potentialAction\":[{\"@type\":\"SearchAction\",\"target\":{\"@type\":\"EntryPoint\",\"urlTemplate\":\"https:\/\/ljubljanica.eu\/en\/?s={search_term_string}\"},\"query-input\":{\"@type\":\"PropertyValueSpecification\",\"valueRequired\":true,\"valueName\":\"search_term_string\"}}],\"inLanguage\":\"en-US\"}]}<\/script>\n<!-- \/ Yoast SEO plugin. -->","yoast_head_json":{"title":"Boat rental | Plovba po Ljubljanici z ladjicama EMONA in EMONCA, organiziramo izlete, piknike, najem...","description":"WOULD YOU LIKE TO SEE THE CITY OF LJUBLJANA FROM THE RIVER? WOULD YOU LIKE TO TAKE A BOAT TRIP INTO THE UNSPOILED NATURE OF THE LJUBLJANA...","robots":{"index":"index","follow":"follow","max-snippet":"max-snippet:-1","max-image-preview":"max-image-preview:large","max-video-preview":"max-video-preview:-1"},"canonical":"https:\/\/ljubljanica.eu\/en\/boat-rental\/","og_locale":"en_US","og_type":"article","og_title":"Boat rental | Plovba po Ljubljanici z ladjicama EMONA in EMONCA, organiziramo izlete, piknike, najem...","og_description":"WOULD YOU LIKE TO SEE THE CITY OF LJUBLJANA FROM THE RIVER? WOULD YOU LIKE TO TAKE A BOAT TRIP INTO THE UNSPOILED NATURE OF THE LJUBLJANA...","og_url":"https:\/\/ljubljanica.eu\/en\/boat-rental\/","og_site_name":"Plovba po Ljubljanici z ladjicama EMONA in EMONCA, organiziramo izlete, piknike, najem...","article_modified_time":"2025-03-12T11:48:55+00:00","twitter_card":"summary_large_image","twitter_misc":{"Est. reading time":"2 minutes"},"schema":{"@context":"https:\/\/schema.org","@graph":[{"@type":"WebPage","@id":"https:\/\/ljubljanica.eu\/en\/boat-rental\/","url":"https:\/\/ljubljanica.eu\/en\/boat-rental\/","name":"Boat rental | Plovba po Ljubljanici z ladjicama EMONA in EMONCA, organiziramo izlete, piknike, najem...","isPartOf":{"@id":"https:\/\/ljubljanica.eu\/en\/#website"},"datePublished":"2020-03-13T07:54:51+00:00","dateModified":"2025-03-12T11:48:55+00:00","description":"WOULD YOU LIKE TO SEE THE CITY OF LJUBLJANA FROM THE RIVER? WOULD YOU LIKE TO TAKE A BOAT TRIP INTO THE UNSPOILED NATURE OF THE LJUBLJANA...","breadcrumb":{"@id":"https:\/\/ljubljanica.eu\/en\/boat-rental\/#breadcrumb"},"inLanguage":"en-US","potentialAction":[{"@type":"ReadAction","target":["https:\/\/ljubljanica.eu\/en\/boat-rental\/"]}]},{"@type":"BreadcrumbList","@id":"https:\/\/ljubljanica.eu\/en\/boat-rental\/#breadcrumb","itemListElement":[{"@type":"ListItem","position":1,"name":"Home","item":"https:\/\/ljubljanica.eu\/en\/"},{"@type":"ListItem","position":2,"name":"Boat rental"}]},{"@type":"WebSite","@id":"https:\/\/ljubljanica.eu\/en\/#website","url":"https:\/\/ljubljanica.eu\/en\/","name":"Plovba po Ljubljanici z ladjicama EMONA in EMONCA, organiziramo izlete, piknike, najem...","description":"Nudimo vam kro\u017eno ali panoramsko vo\u017enjo po Ljubljanici, piknike, izlete za najmlaj\u0161e in starej\u0161e, gledali\u0161ke predstave...","potentialAction":[{"@type":"SearchAction","target":{"@type":"EntryPoint","urlTemplate":"https:\/\/ljubljanica.eu\/en\/?s={search_term_string}"},"query-input":{"@type":"PropertyValueSpecification","valueRequired":true,"valueName":"search_term_string"}}],"inLanguage":"en-US"}]}},"_links":{"self":[{"href":"https:\/\/ljubljanica.eu\/en\/wp-json\/wp\/v2\/pages\/1773","targetHints":{"allow":["GET"]}}],"collection":[{"href":"https:\/\/ljubljanica.eu\/en\/wp-json\/wp\/v2\/pages"}],"about":[{"href":"https:\/\/ljubljanica.eu\/en\/wp-json\/wp\/v2\/types\/page"}],"author":[{"embeddable":true,"href":"https:\/\/ljubljanica.eu\/en\/wp-json\/wp\/v2\/users\/1"}],"replies":[{"embeddable":true,"href":"https:\/\/ljubljanica.eu\/en\/wp-json\/wp\/v2\/comments?post=1773"}],"version-history":[{"count":0,"href":"https:\/\/ljubljanica.eu\/en\/wp-json\/wp\/v2\/pages\/1773\/revisions"}],"wp:attachment":[{"href":"https:\/\/ljubljanica.eu\/en\/wp-json\/wp\/v2\/media?parent=1773"}],"curies":[{"name":"wp","href":"https:\/\/api.w.org\/{rel}","templated":true}]}}